{"id":5056,"date":"2025-02-03T21:18:22","date_gmt":"2025-02-03T20:18:22","guid":{"rendered":"https:\/\/sandrasinger.blog\/?page_id=5056"},"modified":"2025-02-03T22:00:04","modified_gmt":"2025-02-03T21:00:04","slug":"informativa-sulla-privacy","status":"publish","type":"page","link":"https:\/\/sandrasinger.blog\/it\/informativa-sulla-privacy","title":{"rendered":"Informativa sulla privacy"},"content":{"rendered":"\n<ol class=\"wp-block-list\">\n<li>La presente Informativa sulla privacy stabilisce le regole per il trattamento dei dati personali ottenuti attraverso il sito sandrasinger.blog (il<strong>&#8220;Blog<\/strong>&#8220;).<\/li>\n\n\n\n<li>Il titolare del Blog e allo stesso tempo amministratore dei dati \u00e8 la societ\u00e0 Neseex Sp. z o.o. con sede a Kielcz\u00f3w, Ogrodowa Street, No. 79, 55-093, NIP 8961555513, REGON 365686782, e-mail: sandra@smile2.life, che \u00e8 anche il titolare del Blog.<\/li>\n\n\n\n<li>I dati personali raccolti da Neseex Sp z o.o. attraverso il Blog sono trattati in conformit\u00e0 al Regolamento (UE) 2016\/679 del Parlamento Europeo e del Consiglio del 27 aprile 2016 relativo alla protezione delle persone fisiche con riguardo al trattamento dei dati personali, nonch\u00e9 alla libera circolazione di tali dati e che abroga la direttiva 95\/46\/CE (Regolamento generale sulla protezione dei dati), noto anche come <strong>GDPR<\/strong>. <\/li>\n\n\n\n<li>Neseex Sp z o.o. \u00e8 particolarmente attenta a rispettare la privacy dei clienti che visitano il Blog.<\/li>\n<\/ol>\n\n\n\n<h3 id=\"%c2%a7-1-tipo-di-dati-trattati-finalita-e-base-giuridica\" class=\"wp-block-heading has-text-align-center\">\u00a7 1 Tipo di dati trattati, finalit\u00e0 e base giuridica<\/h3>\n\n\n\n<ol class=\"wp-block-list\">\n<li>Neseex Sp z o.o. raccoglie informazioni relative a persone fisiche che svolgono un&#8217;azione legale non direttamente collegata alla loro attivit\u00e0, persone fisiche che svolgono un&#8217;attivit\u00e0 commerciale o professionale per proprio conto e persone fisiche che rappresentano persone giuridiche o unit\u00e0 organizzative che non sono persone giuridiche a cui la legge conferisce la capacit\u00e0 giuridica, che svolgono un&#8217;attivit\u00e0 commerciale o professionale per proprio conto, di seguito collettivamente denominate Clienti.<\/li>\n\n\n\n<li>I dati personali dei clienti sono raccolti in caso di iscrizione a una newsletter (Newsletter), al fine di eseguire il contratto il cui oggetto \u00e8 il servizio fornito per via elettronica. <strong>Base giuridica<\/strong> &#8211; consenso dell&#8217;interessato per l&#8217;esecuzione del contratto per il servizio di Newsletter (Art. 6(1)(a) GDPR); d)utilizzo del servizio di modulo di contatto nel Negozio Online per l&#8217;esecuzione del contratto per il servizio fornito per via elettronica. <strong>Base giuridica<\/strong>: necessario per l&#8217;esecuzione del contratto per la fornitura del servizio di modulo di contatto (Art. 6(1)(b) GDPR).<\/li>\n\n\n\n<li>Quando utilizza il servizio di Newsletter, il Cliente fornisce i seguenti dati: A. indirizzo e-mail; B. nome e cognome.<\/li>\n\n\n\n<li>I dati di navigazione possono essere raccolti anche dai Clienti, comprese le informazioni sui link e i riferimenti che scelgono di cliccare o altre azioni che compiono sul nostro Blog. <strong>Base giuridica<\/strong> &#8211; legittimo interesse (articolo 6, paragrafo 1, lettera f) del GDPR) per facilitare l&#8217;utilizzo dei servizi forniti elettronicamente e per migliorare la funzionalit\u00e0 di tali servizi.<\/li>\n\n\n\n<li>Il conferimento dei dati personali a Neseex Sp z o.o. \u00e8 volontario.<\/li>\n<\/ol>\n\n\n\n<h3 id=\"%c2%a7-2-a-chi-vengono-resi-disponibili-o-affidati-i-dati-e-per-quanto-tempo-vengono-conservati\" class=\"wp-block-heading has-text-align-center\">\u00a7 2 A chi vengono resi disponibili o affidati i dati e per quanto tempo vengono conservati?<\/h3>\n\n\n\n<ol class=\"wp-block-list\">\n<li>I dati personali del Cliente vengono trasferiti ai fornitori di servizi utilizzati da Neseex Sp z o.o. per il funzionamento del Negozio Online. I fornitori di servizi a cui vengono trasmessi i dati personali, a seconda degli accordi contrattuali e delle circostanze, sono soggetti alle istruzioni di Neseex Sp z o.o. per quanto riguarda le finalit\u00e0 e le modalit\u00e0 di trattamento di tali dati. Neseex Sp z o.o. utilizza fornitori che elaborano i dati personali esclusivamente su istruzioni di Neseex Sp z o.o.. Questi includono, a titolo esemplificativo ma non esaustivo, fornitori che forniscono servizi di hosting, servizi di contabilit\u00e0, fornitori che forniscono sistemi di marketing, sistemi di analisi del traffico del blog, sistemi di analisi dell&#8217;efficacia delle campagne di marketing.   <\/li>\n\n\n\n<li>Ubicazione. I fornitori di servizi hanno sede principalmente in Polonia e in altri paesi dello Spazio Economico Europeo (SEE). <\/li>\n\n\n\n<li>I dati personali dei clienti vengono conservati ed elaborati da Neseex Sp z o.o. finch\u00e9 il consenso non viene revocato e, dopo la revoca del consenso, per un periodo di tempo corrispondente al periodo di prescrizione delle richieste di risarcimento che Neseex Sp z o.o. pu\u00f2 avanzare e che possono essere avanzate nei suoi confronti. A meno che una disposizione speciale non preveda diversamente, il periodo di prescrizione \u00e8 di sei anni e di tre anni per le richieste di prestazioni periodiche e per le richieste relative allo svolgimento delle attivit\u00e0 commerciali. <\/li>\n<\/ol>\n\n\n\n<h3 id=\"%c2%a7-3-meccanismo-dei-cookie-indirizzo-ip\" class=\"wp-block-heading has-text-align-center\">\u00a7 3 Meccanismo dei cookie, indirizzo IP<\/h3>\n\n\n\n<ol class=\"wp-block-list\">\n<li>Il Blog utilizza piccoli file, noti come cookie. Questi vengono memorizzati da Neseex Sp z o.o. sul terminale del visitatore del Blog se il browser web lo consente. Un cookie contiene solitamente il nome del dominio da cui proviene, il suo &#8220;tempo di scadenza&#8221; e un numero casuale individuale che lo identifica. Le informazioni raccolte dai cookie di questo tipo aiutano ad adattare i prodotti offerti da Neseex Sp z o.o. alle preferenze individuali e alle reali esigenze dei visitatori del Negozio Online. Inoltre, consentono di elaborare statistiche generali sulle visite ai prodotti presentati nel Blog.    <\/li>\n\n\n\n<li>Neseex Sp. z o.o. utilizza due tipi di cookie:<br>A.<strong>Cookie di sessione<\/strong>: quando la sessione di un determinato browser termina o il computer viene spento, le informazioni memorizzate vengono cancellate dalla memoria del dispositivo. Il meccanismo dei cookie di sessione non consente di raccogliere dati personali o informazioni riservate dai computer dei Clienti. <br>B.<strong>Cookie permanenti<\/strong>: sono archiviati nella memoria del dispositivo finale del Cliente e vi rimangono fino alla loro cancellazione o scadenza. Il meccanismo dei cookie permanenti non consente di raccogliere dati personali o informazioni riservate dal computer dei Clienti.<\/li>\n\n\n\n<li>Neseex Sp z o.o. utilizza i propri cookie a scopo di analisi, ricerca e verifica dell&#8217;audience e, in particolare, per creare statistiche anonime che aiutino a capire come i clienti utilizzano il Blog in modo da poterne migliorare la struttura e i contenuti.<\/li>\n\n\n\n<li>Neseex Sp. z o.o. utilizza cookie esterni per i seguenti scopi: A. diffondere il Blog attraverso il social network facebook.com (amministratore dei cookie esterni:<br>Facebook Inc. con sede legale negli USA o Facebook Ireland con sede legale in Irlanda); B. raccogliere dati statistici generali e anonimi tramite gli strumenti di Google Analytics (amministratore dei cookie esterni: Google Poland sp. z o.o. con sede legale a Varsavia);<\/li>\n\n\n\n<li>Il meccanismo dei cookie \u00e8 sicuro per i computer dei Clienti del blog. In particolare, attraverso questa via non \u00e8 possibile che virus o altri software o malware indesiderati entrino nei computer dei Clienti. Tuttavia, i Clienti hanno la possibilit\u00e0 di limitare o disabilitare l&#8217;accesso dei cookie ai loro computer. Se questa opzione viene esercitata, l&#8217;uso del Blog sar\u00e0 possibile, ad eccezione delle funzioni che per loro natura richiedono i cookie.   <\/li>\n\n\n\n<li>Il blog contiene link e riferimenti ad altri siti web. Neseex Sp z o.o. non \u00e8 responsabile delle politiche sulla privacy di questi siti. <\/li>\n<\/ol>\n\n\n\n<h3 id=\"%c2%a7-4-diritti-dellinteressato\" class=\"wp-block-heading has-text-align-center\">\u00a7 4 Diritti dell&#8217;interessato<\/h3>\n\n\n\n<ol class=\"wp-block-list\">\n<li><strong>Diritto di revoca del consenso<\/strong> &#8211; base giuridica: articolo 7(3) GDPR. A.<br><br>Il cliente ha il diritto di revocare il consenso che ha prestato a Neseex Sp z o.o. B. La revoca del consenso ha effetto dal momento della revoca. C.<br>La revoca del consenso non pregiudica il trattamento effettuato da Neseex Sp z o.o. in conformit\u00e0 alla legge prima della revoca. D. La revoca del consenso non comporta alcuna conseguenza negativa per il Cliente, ma pu\u00f2 impedire l&#8217;ulteriore utilizzo di servizi o funzionalit\u00e0 che Neseex Sp z o.o. pu\u00f2 legalmente fornire solo con il consenso.<\/li>\n\n\n\n<li><strong>Diritto di opposizione al trattamento dei dati<\/strong> &#8211; base giuridica: articolo 21 GDPR. <br>A. Il Cliente ha il diritto di opporsi in qualsiasi momento &#8211; per motivi legati alla sua situazione particolare &#8211; al trattamento dei suoi dati personali, compresa la profilazione, qualora Neseex Sp z o.o. tratti i suoi dati sulla base di un interesse legittimo, la tenuta di statistiche sull&#8217;uso delle varie funzionalit\u00e0 del Blog e la facilitazione dell&#8217;uso del Blog, nonch\u00e9 sondaggi di soddisfazione.<br>B. La rinuncia, sotto forma di e-mail, a ricevere comunicazioni di marketing su prodotti o servizi, implicher\u00e0 l&#8217;opposizione del Cliente al trattamento dei suoi dati personali, compresa la profilazione per tali finalit\u00e0.<br>C. Se l&#8217;obiezione del Cliente si rivela valida e Neseex Sp z o.o. non ha altri fondamenti giuridici per il trattamento dei dati personali, i dati personali del Cliente saranno cancellati dal trattamento a cui il Cliente si \u00e8 opposto.<\/li>\n\n\n\n<li><strong>Diritto alla cancellazione (&#8220;diritto all&#8217;oblio&#8221;)<\/strong> &#8211; base legale: articolo 17 del GDPR. A.<br>Il Cliente ha il diritto di richiedere la cancellazione di tutti o di alcuni dei suoi dati personali. B. Il Cliente ha il diritto di richiedere la cancellazione dei suoi dati personali se: a. i dati personali non sono pi\u00f9 necessari per le finalit\u00e0 per le quali sono stati raccolti o per le quali sono stati trattati; b. ha ritirato il consenso specifico, nella misura in cui i dati personali sono stati trattati sulla base del suo consenso; c. ha contestato l&#8217;utilizzo dei suoi dati per finalit\u00e0 di marketing; d. i dati personali sono trattati in modo illecito; e. il Cliente ha diritto di richiedere la cancellazione dei suoi dati personali. si \u00e8 opposto all&#8217;utilizzo dei suoi dati per finalit\u00e0 di marketing; d. i dati personali sono trattati illegalmente; e. i dati personali devono essere cancellati per adempiere a un obbligo legale previsto dal diritto dell&#8217;Unione o dal diritto di uno Stato membro a cui Neseex Sp z o.o. \u00e8 soggetta; f. i dati personali sono stati raccolti in relazione all&#8217;offerta di servizi della societ\u00e0 dell&#8217;informazione.<\/li>\n\n\n\n<li><strong>Diritto di limitare il trattamento<\/strong> &#8211; base giuridica: articolo 18 del GDPR. A. Il Cliente ha il diritto di richiedere la limitazione del trattamento dei propri dati personali. La presentazione di una richiesta, fino a quando non sar\u00e0 presa in considerazione, impedisce l&#8217;utilizzo di determinate funzionalit\u00e0 o servizi, il cui utilizzo comporter\u00e0 il trattamento dei dati oggetto della richiesta.<br>Inoltre, Neseex Sp z o.o. non invier\u00e0 alcun messaggio, compresi quelli di marketing. B. Il Cliente ha il diritto di richiedere la limitazione dell&#8217;utilizzo dei suoi dati personali nei seguenti casi: a. quando mette in dubbio la correttezza dei suoi dati personali &#8211; in tal caso Neseex Sp z o.o. ne limita l&#8217;utilizzo per il tempo necessario a verificare la correttezza dei dati, ma non oltre 7 giorni; b. quando il trattamento dei dati \u00e8 illegale e, invece di cancellarli, il Cliente richiede la limitazione del loro utilizzo; c. quando i dati personali non sono pi\u00f9 necessari. quando i dati personali non sono pi\u00f9 necessari per gli scopi per i quali sono stati raccolti o utilizzati, ma sono necessari al Cliente per stabilire, far valere o difendere i propri diritti; d. quando il Cliente si \u00e8 opposto all&#8217;utilizzo dei propri dati &#8211; allora la limitazione sar\u00e0 per il tempo necessario a valutare se, a causa della situazione particolare, la protezione degli interessi, dei diritti e delle libert\u00e0 del Cliente sia superiore agli interessi perseguiti dall&#8217;Amministratore durante il trattamento dei dati personali del Cliente.<\/li>\n\n\n\n<li><strong>Diritto di accesso<\/strong> &#8211; base giuridica: articolo 15 GDPR. Il Cliente ha il diritto di ottenere dal Titolare del trattamento la conferma che lo stesso stia trattando dati personali e, in tal caso, ha il diritto di: a. ottenere l&#8217;accesso ai propri dati personali; b. ottenere informazioni sulle finalit\u00e0 del trattamento, sulle categorie di dati personali trattati, sui destinatari o sulle categorie di destinatari di tali dati, sul periodo di conservazione previsto per i dati del Cliente o sui criteri per determinare tale periodo (qualora non sia possibile determinare il periodo di trattamento previsto), sui diritti del Cliente ai sensi del GDPR e sul diritto di presentare un reclamo a un&#8217;autorit\u00e0 di controllo, sull&#8217;origine di tali dati, sul processo decisionale automatizzato, compresa la profilazione, e sulle garanzie applicate in relazione al trasferimento di tali dati al di fuori dell&#8217;Unione Europea; c. ottenere una copia dei propri dati personali.<\/li>\n\n\n\n<li><strong>Diritto di rettifica dei dati<\/strong> &#8211; base giuridica: articolo 16 GDPR. Il Cliente ha il diritto di richiedere al Titolare del trattamento la rettifica immediata dei dati personali che lo riguardano e che sono inesatti. Tenendo conto delle finalit\u00e0 del trattamento, l&#8217;Interessato Cliente ha il diritto di richiedere il completamento di dati personali incompleti, anche fornendo una dichiarazione aggiuntiva, indirizzando la richiesta all&#8217;indirizzo e-mail in conformit\u00e0 con il \u00a76 dell&#8217;Informativa sulla Privacy.   <\/li>\n\n\n\n<li><strong>Diritto alla portabilit\u00e0 dei dati<\/strong> &#8211; base giuridica: articolo 20 GDPR. Il Cliente ha il diritto di ricevere i dati personali che ha fornito all&#8217;Amministratore e di inviarli a un altro titolare del trattamento dei dati personali di sua scelta. Il Cliente ha inoltre il diritto di richiedere che i dati personali siano inviati dall&#8217;Amministratore direttamente a tale responsabile, nella misura in cui ci\u00f2 sia tecnicamente possibile.   <\/li>\n\n\n\n<li>Nel caso in cui il Cliente faccia valere i diritti di cui sopra, Neseex Sp. z o.o. dar\u00e0 seguito alla richiesta o rifiuter\u00e0 di darvi seguito immediatamente, e comunque entro un mese dal ricevimento. Tuttavia, se &#8211; a causa della complessit\u00e0 della richiesta o del numero di richieste &#8211; Neseex Sp. z o.o. non \u00e8 in grado di dare seguito alla richiesta entro un mese, dar\u00e0 seguito alla richiesta entro ulteriori due mesi informando preventivamente il Cliente &#8211; entro un mese dal ricevimento della richiesta &#8211; della prevista proroga del termine e delle relative motivazioni. <\/li>\n\n\n\n<li>Il Cliente pu\u00f2 presentare reclami, domande e richieste all&#8217;Amministratore in merito al trattamento dei suoi dati personali e all&#8217;esercizio dei suoi diritti.<\/li>\n\n\n\n<li>Il cliente ha il diritto di presentare un reclamo al Presidente dell&#8217;Ufficio per la protezione dei dati personali in caso di violazione dei suoi diritti di protezione dei dati o di altri diritti garantiti dal GDPR.<\/li>\n<\/ol>\n\n\n\n<h3 id=\"%c2%a7-5-modifiche-allinformativa-sulla-privacy\" class=\"wp-block-heading has-text-align-center\">\u00a7 5 Modifiche all&#8217;Informativa sulla privacy<\/h3>\n\n\n\n<ol class=\"wp-block-list\">\n<li>L&#8217;Informativa sulla Privacy \u00e8 soggetta a modifiche, di cui Neseex Sp z o.o. informer\u00e0 i clienti con 7 giorni di anticipo.<\/li>\n\n\n\n<li>Per domande relative all&#8217;Informativa sulla privacy, si prega di contattare: sandra@smile2.life.<\/li>\n<\/ol>\n","protected":false},"excerpt":{"rendered":"\u00a7 1 Tipo di dati trattati, finalit\u00e0 e base giuridica \u00a7 2 A chi vengono resi disponibili o&hellip;\n","protected":false},"author":244696633,"featured_media":0,"parent":0,"menu_order":0,"comment_status":"closed","ping_status":"closed","template":"","meta":{"_crdt_document":"","advanced_seo_description":"","jetpack_seo_html_title":"","jetpack_seo_noindex":false,"csco_display_header_overlay":false,"csco_disable_site_padding":false,"csco_singular_sidebar":"disabled","csco_page_header_type":"title","csco_page_load_nextpost":"","csco_post_video_location":[],"csco_post_video_location_hash":"","csco_post_video_url":"","csco_post_video_bg_start_time":0,"csco_post_video_bg_end_time":0,"footnotes":""},"class_list":{"0":"post-5056","1":"page","2":"type-page","3":"status-publish","5":"cs-entry","6":"cs-video-wrap"},"jetpack_sharing_enabled":true,"jetpack_shortlink":"https:\/\/wp.me\/PfugTc-1jy","jetpack_likes_enabled":true,"_links":{"self":[{"href":"https:\/\/sandrasinger.blog\/it\/wp-json\/wp\/v2\/pages\/5056","targetHints":{"allow":["GET"]}}],"collection":[{"href":"https:\/\/sandrasinger.blog\/it\/wp-json\/wp\/v2\/pages"}],"about":[{"href":"https:\/\/sandrasinger.blog\/it\/wp-json\/wp\/v2\/types\/page"}],"author":[{"embeddable":true,"href":"https:\/\/sandrasinger.blog\/it\/wp-json\/wp\/v2\/users\/244696633"}],"replies":[{"embeddable":true,"href":"https:\/\/sandrasinger.blog\/it\/wp-json\/wp\/v2\/comments?post=5056"}],"version-history":[{"count":4,"href":"https:\/\/sandrasinger.blog\/it\/wp-json\/wp\/v2\/pages\/5056\/revisions"}],"predecessor-version":[{"id":5061,"href":"https:\/\/sandrasinger.blog\/it\/wp-json\/wp\/v2\/pages\/5056\/revisions\/5061"}],"wp:attachment":[{"href":"https:\/\/sandrasinger.blog\/it\/wp-json\/wp\/v2\/media?parent=5056"}],"curies":[{"name":"wp","href":"https:\/\/api.w.org\/{rel}","templated":true}]}}